{"id":3129,"date":"2025-11-28T09:27:49","date_gmt":"2025-11-28T08:27:49","guid":{"rendered":"https:\/\/mamavocado.fr\/?page_id=3129"},"modified":"2025-11-28T10:06:10","modified_gmt":"2025-11-28T09:06:10","slug":"cicatrice-de-cesarienne","status":"publish","type":"page","link":"https:\/\/mamavocado.fr\/en\/cicatrice-de-cesarienne\/","title":{"rendered":"Cesarean Scar Healing"},"content":{"rendered":"<div data-elementor-type=\"wp-page\" data-elementor-id=\"3129\" class=\"elementor elementor-3129\">\n\t\t\t\t\t\t<section class=\"elementor-section elementor-top-section elementor-element elementor-element-680b91e elementor-section-boxed elementor-section-height-default elementor-section-height-default\" data-id=\"680b91e\" data-element_type=\"section\" data-e-type=\"section\" data-settings=\"{&quot;background_background&quot;:&quot;classic&quot;}\">\n\t\t\t\t\t\t\t<div class=\"elementor-background-overlay\"><\/div>\n\t\t\t\t\t\t\t<div class=\"elementor-container elementor-column-gap-default\">\n\t\t\t\t\t<div class=\"elementor-column elementor-col-100 elementor-top-column elementor-element elementor-element-f5b017d\" data-id=\"f5b017d\" data-element_type=\"column\" data-e-type=\"column\">\n\t\t\t<div class=\"elementor-widget-wrap elementor-element-populated\">\n\t\t\t\t\t\t<div class=\"elementor-element elementor-element-3daed74 elementor-widget elementor-widget-image\" data-id=\"3daed74\" data-element_type=\"widget\" data-e-type=\"widget\" data-widget_type=\"image.default\">\n\t\t\t\t<div class=\"elementor-widget-container\">\n\t\t\t\t\t\t\t\t\t\t\t\t\t\t\t<img decoding=\"async\" width=\"128\" height=\"128\" src=\"https:\/\/mamavocado.fr\/wp-content\/uploads\/2025\/11\/cicatrice.png\" class=\"attachment-medium size-medium wp-image-3143\" alt=\"\" srcset=\"https:\/\/mamavocado.fr\/wp-content\/uploads\/2025\/11\/cicatrice.png 128w, https:\/\/mamavocado.fr\/wp-content\/uploads\/2025\/11\/cicatrice-12x12.png 12w\" sizes=\"(max-width: 128px) 100vw, 128px\" \/>\t\t\t\t\t\t\t\t\t\t\t\t\t\t\t<\/div>\n\t\t\t\t<\/div>\n\t\t\t\t<div class=\"elementor-element elementor-element-845d0e9 elementor-widget elementor-widget-heading\" data-id=\"845d0e9\" data-element_type=\"widget\" data-e-type=\"widget\" data-widget_type=\"heading.default\">\n\t\t\t\t<div class=\"elementor-widget-container\">\n\t\t\t\t\t<h1 class=\"elementor-heading-title elementor-size-default\">Cesarean Scar Healing<\/h1>\t\t\t\t<\/div>\n\t\t\t\t<\/div>\n\t\t\t\t<div class=\"elementor-element elementor-element-12fd915 premium-floating-effects-yes elementor-view-default elementor-widget elementor-widget-icon\" data-id=\"12fd915\" data-element_type=\"widget\" data-e-type=\"widget\" data-settings=\"{&quot;premium_fe_translate_switcher&quot;:&quot;yes&quot;,&quot;premium_fe_Xtranslate&quot;:{&quot;unit&quot;:&quot;px&quot;,&quot;size&quot;:&quot;&quot;,&quot;sizes&quot;:{&quot;from&quot;:0,&quot;to&quot;:0}},&quot;premium_fe_Ytranslate&quot;:{&quot;unit&quot;:&quot;px&quot;,&quot;size&quot;:&quot;&quot;,&quot;sizes&quot;:{&quot;from&quot;:0,&quot;to&quot;:19}},&quot;premium_fe_trigger&quot;:&quot;load&quot;,&quot;premium_fe_trans_duration&quot;:{&quot;unit&quot;:&quot;px&quot;,&quot;size&quot;:1000,&quot;sizes&quot;:[]},&quot;premium_fe_trans_delay&quot;:{&quot;unit&quot;:&quot;px&quot;,&quot;size&quot;:&quot;&quot;,&quot;sizes&quot;:[]},&quot;premium_fe_direction&quot;:&quot;alternate&quot;,&quot;premium_fe_loop&quot;:&quot;default&quot;,&quot;premium_fe_easing&quot;:&quot;easeInOutSine&quot;}\" data-widget_type=\"icon.default\">\n\t\t\t\t<div class=\"elementor-widget-container\">\n\t\t\t\t\t\t\t<div class=\"elementor-icon-wrapper\">\n\t\t\t<div class=\"elementor-icon\">\n\t\t\t<i aria-hidden=\"true\" class=\"fas fa-angle-down\"><\/i>\t\t\t<\/div>\n\t\t<\/div>\n\t\t\t\t\t\t<\/div>\n\t\t\t\t<\/div>\n\t\t\t\t\t<\/div>\n\t\t<\/div>\n\t\t\t\t\t<\/div>\n\t\t<\/section>\n\t\t\t\t<section class=\"elementor-section elementor-top-section elementor-element elementor-element-d176fea elementor-section-boxed elementor-section-height-default elementor-section-height-default\" data-id=\"d176fea\" data-element_type=\"section\" data-e-type=\"section\" data-settings=\"{&quot;background_background&quot;:&quot;classic&quot;}\">\n\t\t\t\t\t\t<div class=\"elementor-container elementor-column-gap-default\">\n\t\t\t\t\t<div class=\"elementor-column elementor-col-100 elementor-top-column elementor-element elementor-element-e59448b\" data-id=\"e59448b\" data-element_type=\"column\" data-e-type=\"column\">\n\t\t\t<div class=\"elementor-widget-wrap elementor-element-populated\">\n\t\t\t\t\t\t<section class=\"elementor-section elementor-inner-section elementor-element elementor-element-2652002 elementor-section-full_width elementor-section-height-default elementor-section-height-default\" data-id=\"2652002\" data-element_type=\"section\" data-e-type=\"section\">\n\t\t\t\t\t\t<div class=\"elementor-container elementor-column-gap-default\">\n\t\t\t\t\t<div class=\"elementor-column elementor-col-50 elementor-inner-column elementor-element elementor-element-f86bd07\" data-id=\"f86bd07\" data-element_type=\"column\" data-e-type=\"column\">\n\t\t\t<div class=\"elementor-widget-wrap elementor-element-populated\">\n\t\t\t\t\t\t<div class=\"elementor-element elementor-element-ea1ed3a elementor-widget elementor-widget-heading\" data-id=\"ea1ed3a\" data-element_type=\"widget\" data-e-type=\"widget\" data-widget_type=\"heading.default\">\n\t\t\t\t<div class=\"elementor-widget-container\">\n\t\t\t\t\t<h3 class=\"elementor-heading-title elementor-size-default\">Energetic Comfort Ritual <\/h3>\t\t\t\t<\/div>\n\t\t\t\t<\/div>\n\t\t\t\t<div class=\"elementor-element elementor-element-6ad4708 elementor-widget elementor-widget-text-editor\" data-id=\"6ad4708\" data-element_type=\"widget\" data-e-type=\"widget\" data-widget_type=\"text-editor.default\">\n\t\t\t\t<div class=\"elementor-widget-container\">\n\t\t\t\t\t\t\t\t\t<p>ven though the scar is physically closed, Chinese medicine considers that it often creates an energetic opening \u2014 a point of disruption in the circulation of Qi, the vital energy.<br \/>This 40-minute ritual aims to gently close this subtle opening, restore the natural flow of energy, and reconnect body and mind with this sensitive area.<br \/>The treatment works softly on the scar through energetic touch and global harmonization, bringing deep relaxation and emotional\u00a0release.<\/p>\t\t\t\t\t\t\t\t<\/div>\n\t\t\t\t<\/div>\n\t\t\t\t\t<\/div>\n\t\t<\/div>\n\t\t\t\t<div class=\"elementor-column elementor-col-50 elementor-inner-column elementor-element elementor-element-fcf4c82\" data-id=\"fcf4c82\" data-element_type=\"column\" data-e-type=\"column\">\n\t\t\t<div class=\"elementor-widget-wrap elementor-element-populated\">\n\t\t\t\t\t\t<div class=\"elementor-element elementor-element-1e8903b elementor-widget elementor-widget-image\" data-id=\"1e8903b\" data-element_type=\"widget\" data-e-type=\"widget\" data-widget_type=\"image.default\">\n\t\t\t\t<div class=\"elementor-widget-container\">\n\t\t\t\t\t\t\t\t\t\t\t\t\t\t\t<img decoding=\"async\" width=\"128\" height=\"128\" src=\"https:\/\/mamavocado.fr\/wp-content\/uploads\/2022\/05\/euro.png\" class=\"attachment-medium size-medium wp-image-1191\" alt=\"\" srcset=\"https:\/\/mamavocado.fr\/wp-content\/uploads\/2022\/05\/euro.png 128w, https:\/\/mamavocado.fr\/wp-content\/uploads\/2022\/05\/euro-100x100.png 100w\" sizes=\"(max-width: 128px) 100vw, 128px\" \/>\t\t\t\t\t\t\t\t\t\t\t\t\t\t\t<\/div>\n\t\t\t\t<\/div>\n\t\t\t\t<div class=\"elementor-element elementor-element-9e69e4e elementor-widget elementor-widget-heading\" data-id=\"9e69e4e\" data-element_type=\"widget\" data-e-type=\"widget\" data-widget_type=\"heading.default\">\n\t\t\t\t<div class=\"elementor-widget-container\">\n\t\t\t\t\t<h3 class=\"elementor-heading-title elementor-size-default\">Price<\/h3>\t\t\t\t<\/div>\n\t\t\t\t<\/div>\n\t\t\t\t<div class=\"elementor-element elementor-element-46bf4a9 elementor-widget elementor-widget-icon-box\" data-id=\"46bf4a9\" data-element_type=\"widget\" data-e-type=\"widget\" data-widget_type=\"icon-box.default\">\n\t\t\t\t<div class=\"elementor-widget-container\">\n\t\t\t\t\t\t\t<div class=\"elementor-icon-box-wrapper\">\n\n\t\t\t\n\t\t\t\t\t\t<div class=\"elementor-icon-box-content\">\n\n\t\t\t\t\t\t\t\t\t<h3 class=\"elementor-icon-box-title\">\n\t\t\t\t\t\t<span  >\n\t\t\t\t\t\t\t70\u20ac  <br>\t\t\t\t\t\t<\/span>\n\t\t\t\t\t<\/h3>\n\t\t\t\t\n\t\t\t\t\t\t\t\t\t<p class=\"elementor-icon-box-description\">\n\t\t\t\t\t\t<b>40min session<\/b><br><br>\n<a href=\"https:\/\/www.planity.com\/mamavocado-baby-spa-nice-naturl-by-mam-06000\" style=\"margin-top:20px;padding:10px 20px;background-color:#1E1E1E;color:white;text-decoration:none\" target=\"_blank\">Book online<\/a>  \n<a href=\"https:\/\/www.planity.com\/mamavocado-baby-spa-nice-naturl-by-mam-06000\" style=\"margin-top:20px;padding:10px 20px;border:1px solid #1E1E1E;color:#1E1E1E;text-decoration:none\" target=\"_blank\">To offer<\/a> \t\t\t\t\t<\/p>\n\t\t\t\t\n\t\t\t<\/div>\n\t\t\t\n\t\t<\/div>\n\t\t\t\t\t\t<\/div>\n\t\t\t\t<\/div>\n\t\t\t\t\t<\/div>\n\t\t<\/div>\n\t\t\t\t\t<\/div>\n\t\t<\/section>\n\t\t\t\t\t<\/div>\n\t\t<\/div>\n\t\t\t\t\t<\/div>\n\t\t<\/section>\n\t\t\t\t<\/div>","protected":false},"excerpt":{"rendered":"<p>Cicatrice de c\u00e9sarienne Rituel \u00e9nerg\u00e9tique de confort M\u00eame si la cicatrice est referm\u00e9e physiquement, la m\u00e9decine chinoise consid\u00e8re qu\u2019elle cr\u00e9e souvent une b\u00e9ance \u00e9nerg\u00e9tique, un point de rupture dans la circulation du Qi (l\u2019\u00e9nergie vitale).Ce soin de 40min vise \u00e0 refermer cette ouverture subtile, \u00e0 restaurer la libre circulation de l\u2019\u00e9nergie et \u00e0 r\u00e9concilier le [&hellip;]<\/p>","protected":false},"author":1,"featured_media":0,"parent":0,"menu_order":0,"comment_status":"closed","ping_status":"closed","template":"","meta":{"site-sidebar-layout":"no-sidebar","site-content-layout":"page-builder","ast-site-content-layout":"full-width-container","site-content-style":"default","site-sidebar-style":"default","ast-global-header-display":"","ast-banner-title-visibility":"","ast-main-header-display":"","ast-hfb-above-header-display":"","ast-hfb-below-header-display":"","ast-hfb-mobile-header-display":"","site-post-title":"","ast-breadcrumbs-content":"","ast-featured-img":"disabled","footer-sml-layout":"","ast-disable-related-posts":"","theme-transparent-header-meta":"enabled","adv-header-id-meta":"","stick-header-meta":"","header-above-stick-meta":"","header-main-stick-meta":"","header-below-stick-meta":"","astra-migrate-meta-layouts":"set","ast-page-background-enabled":"default","ast-page-background-meta":{"desktop":{"background-color":"var(--ast-global-color-4)","background-image":"","background-repeat":"repeat","background-position":"center center","background-size":"auto","background-attachment":"scroll","background-type":"","background-media":"","overlay-type":"","overlay-color":"","overlay-opacity":"","overlay-gradient":""},"tablet":{"background-color":"","background-image":"","background-repeat":"repeat","background-position":"center center","background-size":"auto","background-attachment":"scroll","background-type":"","background-media":"","overlay-type":"","overlay-color":"","overlay-opacity":"","overlay-gradient":""},"mobile":{"background-color":"","background-image":"","background-repeat":"repeat","background-position":"center center","background-size":"auto","background-attachment":"scroll","background-type":"","background-media":"","overlay-type":"","overlay-color":"","overlay-opacity":"","overlay-gradient":""}},"ast-content-background-meta":{"desktop":{"background-color":"var(--ast-global-color-5)","background-image":"","background-repeat":"repeat","background-position":"center center","background-size":"auto","background-attachment":"scroll","background-type":"","background-media":"","overlay-type":"","overlay-color":"","overlay-opacity":"","overlay-gradient":""},"tablet":{"background-color":"var(--ast-global-color-5)","background-image":"","background-repeat":"repeat","background-position":"center center","background-size":"auto","background-attachment":"scroll","background-type":"","background-media":"","overlay-type":"","overlay-color":"","overlay-opacity":"","overlay-gradient":""},"mobile":{"background-color":"var(--ast-global-color-5)","background-image":"","background-repeat":"repeat","background-position":"center center","background-size":"auto","background-attachment":"scroll","background-type":"","background-media":"","overlay-type":"","overlay-color":"","overlay-opacity":"","overlay-gradient":""}},"footnotes":""},"class_list":["post-3129","page","type-page","status-publish","hentry"],"yoast_head":"<!-- This site is optimized with the Yoast SEO plugin v27.4 - https:\/\/yoast.com\/product\/yoast-seo-wordpress\/ -->\n<title>Cicatrice de c\u00e9sarienne - Mamavocado<\/title>\n<meta name=\"robots\" content=\"index, follow, max-snippet:-1, max-image-preview:large, max-video-preview:-1\" \/>\n<link rel=\"canonical\" href=\"https:\/\/mamavocado.fr\/en\/cicatrice-de-cesarienne\/\" \/>\n<meta property=\"og:locale\" content=\"en_GB\" \/>\n<meta property=\"og:type\" content=\"article\" \/>\n<meta property=\"og:title\" content=\"Cicatrice de c\u00e9sarienne - Mamavocado\" \/>\n<meta property=\"og:description\" content=\"Cicatrice de c\u00e9sarienne Rituel \u00e9nerg\u00e9tique de confort M\u00eame si la cicatrice est referm\u00e9e physiquement, la m\u00e9decine chinoise consid\u00e8re qu\u2019elle cr\u00e9e souvent une b\u00e9ance \u00e9nerg\u00e9tique, un point de rupture dans la circulation du Qi (l\u2019\u00e9nergie vitale).Ce soin de 40min vise \u00e0 refermer cette ouverture subtile, \u00e0 restaurer la libre circulation de l\u2019\u00e9nergie et \u00e0 r\u00e9concilier le [&hellip;]\" \/>\n<meta property=\"og:url\" content=\"https:\/\/mamavocado.fr\/en\/cicatrice-de-cesarienne\/\" \/>\n<meta property=\"og:site_name\" content=\"Mamavocado\" \/>\n<meta property=\"article:modified_time\" content=\"2025-11-28T09:06:10+00:00\" \/>\n<meta property=\"og:image\" content=\"https:\/\/mamavocado.fr\/wp-content\/uploads\/2025\/11\/cicatrice.png\" \/>\n\t<meta property=\"og:image:width\" content=\"128\" \/>\n\t<meta property=\"og:image:height\" content=\"128\" \/>\n\t<meta property=\"og:image:type\" content=\"image\/png\" \/>\n<meta name=\"twitter:card\" content=\"summary_large_image\" \/>\n<meta name=\"twitter:label1\" content=\"Estimated reading time\" \/>\n\t<meta name=\"twitter:data1\" content=\"1 minute\" \/>\n<script type=\"application\/ld+json\" class=\"yoast-schema-graph\">{\"@context\":\"https:\\\/\\\/schema.org\",\"@graph\":[{\"@type\":\"WebPage\",\"@id\":\"https:\\\/\\\/mamavocado.fr\\\/cicatrice-de-cesarienne\\\/\",\"url\":\"https:\\\/\\\/mamavocado.fr\\\/cicatrice-de-cesarienne\\\/\",\"name\":\"Cicatrice de c\u00e9sarienne - Mamavocado\",\"isPartOf\":{\"@id\":\"https:\\\/\\\/mamavocado.fr\\\/#website\"},\"primaryImageOfPage\":{\"@id\":\"https:\\\/\\\/mamavocado.fr\\\/cicatrice-de-cesarienne\\\/#primaryimage\"},\"image\":{\"@id\":\"https:\\\/\\\/mamavocado.fr\\\/cicatrice-de-cesarienne\\\/#primaryimage\"},\"thumbnailUrl\":\"https:\\\/\\\/mamavocado.fr\\\/wp-content\\\/uploads\\\/2025\\\/11\\\/cicatrice.png\",\"datePublished\":\"2025-11-28T08:27:49+00:00\",\"dateModified\":\"2025-11-28T09:06:10+00:00\",\"breadcrumb\":{\"@id\":\"https:\\\/\\\/mamavocado.fr\\\/cicatrice-de-cesarienne\\\/#breadcrumb\"},\"inLanguage\":\"en-GB\",\"potentialAction\":[{\"@type\":\"ReadAction\",\"target\":[\"https:\\\/\\\/mamavocado.fr\\\/cicatrice-de-cesarienne\\\/\"]}]},{\"@type\":\"ImageObject\",\"inLanguage\":\"en-GB\",\"@id\":\"https:\\\/\\\/mamavocado.fr\\\/cicatrice-de-cesarienne\\\/#primaryimage\",\"url\":\"https:\\\/\\\/mamavocado.fr\\\/wp-content\\\/uploads\\\/2025\\\/11\\\/cicatrice.png\",\"contentUrl\":\"https:\\\/\\\/mamavocado.fr\\\/wp-content\\\/uploads\\\/2025\\\/11\\\/cicatrice.png\"},{\"@type\":\"BreadcrumbList\",\"@id\":\"https:\\\/\\\/mamavocado.fr\\\/cicatrice-de-cesarienne\\\/#breadcrumb\",\"itemListElement\":[{\"@type\":\"ListItem\",\"position\":1,\"name\":\"Accueil\",\"item\":\"https:\\\/\\\/mamavocado.fr\\\/\"},{\"@type\":\"ListItem\",\"position\":2,\"name\":\"Cicatrice de c\u00e9sarienne\"}]},{\"@type\":\"WebSite\",\"@id\":\"https:\\\/\\\/mamavocado.fr\\\/#website\",\"url\":\"https:\\\/\\\/mamavocado.fr\\\/\",\"name\":\"Mamavocado\",\"description\":\"Centre de bien \u00eatre et baby spa \u00e0 Nice\",\"publisher\":{\"@id\":\"https:\\\/\\\/mamavocado.fr\\\/#organization\"},\"potentialAction\":[{\"@type\":\"SearchAction\",\"target\":{\"@type\":\"EntryPoint\",\"urlTemplate\":\"https:\\\/\\\/mamavocado.fr\\\/?s={search_term_string}\"},\"query-input\":{\"@type\":\"PropertyValueSpecification\",\"valueRequired\":true,\"valueName\":\"search_term_string\"}}],\"inLanguage\":\"en-GB\"},{\"@type\":\"Organization\",\"@id\":\"https:\\\/\\\/mamavocado.fr\\\/#organization\",\"name\":\"Mamavocado\",\"url\":\"https:\\\/\\\/mamavocado.fr\\\/\",\"logo\":{\"@type\":\"ImageObject\",\"inLanguage\":\"en-GB\",\"@id\":\"https:\\\/\\\/mamavocado.fr\\\/#\\\/schema\\\/logo\\\/image\\\/\",\"url\":\"https:\\\/\\\/mamavocado.fr\\\/wp-content\\\/uploads\\\/2022\\\/05\\\/logo-Hanna-black.png\",\"contentUrl\":\"https:\\\/\\\/mamavocado.fr\\\/wp-content\\\/uploads\\\/2022\\\/05\\\/logo-Hanna-black.png\",\"width\":1974,\"height\":393,\"caption\":\"Mamavocado\"},\"image\":{\"@id\":\"https:\\\/\\\/mamavocado.fr\\\/#\\\/schema\\\/logo\\\/image\\\/\"}}]}<\/script>\n<!-- \/ Yoast SEO plugin. -->","yoast_head_json":{"title":"Cicatrice de c\u00e9sarienne - Mamavocado","robots":{"index":"index","follow":"follow","max-snippet":"max-snippet:-1","max-image-preview":"max-image-preview:large","max-video-preview":"max-video-preview:-1"},"canonical":"https:\/\/mamavocado.fr\/en\/cicatrice-de-cesarienne\/","og_locale":"en_GB","og_type":"article","og_title":"Cicatrice de c\u00e9sarienne - Mamavocado","og_description":"Cicatrice de c\u00e9sarienne Rituel \u00e9nerg\u00e9tique de confort M\u00eame si la cicatrice est referm\u00e9e physiquement, la m\u00e9decine chinoise consid\u00e8re qu\u2019elle cr\u00e9e souvent une b\u00e9ance \u00e9nerg\u00e9tique, un point de rupture dans la circulation du Qi (l\u2019\u00e9nergie vitale).Ce soin de 40min vise \u00e0 refermer cette ouverture subtile, \u00e0 restaurer la libre circulation de l\u2019\u00e9nergie et \u00e0 r\u00e9concilier le [&hellip;]","og_url":"https:\/\/mamavocado.fr\/en\/cicatrice-de-cesarienne\/","og_site_name":"Mamavocado","article_modified_time":"2025-11-28T09:06:10+00:00","og_image":[{"width":128,"height":128,"url":"https:\/\/mamavocado.fr\/wp-content\/uploads\/2025\/11\/cicatrice.png","type":"image\/png"}],"twitter_card":"summary_large_image","twitter_misc":{"Estimated reading time":"1 minute"},"schema":{"@context":"https:\/\/schema.org","@graph":[{"@type":"WebPage","@id":"https:\/\/mamavocado.fr\/cicatrice-de-cesarienne\/","url":"https:\/\/mamavocado.fr\/cicatrice-de-cesarienne\/","name":"Cicatrice de c\u00e9sarienne - Mamavocado","isPartOf":{"@id":"https:\/\/mamavocado.fr\/#website"},"primaryImageOfPage":{"@id":"https:\/\/mamavocado.fr\/cicatrice-de-cesarienne\/#primaryimage"},"image":{"@id":"https:\/\/mamavocado.fr\/cicatrice-de-cesarienne\/#primaryimage"},"thumbnailUrl":"https:\/\/mamavocado.fr\/wp-content\/uploads\/2025\/11\/cicatrice.png","datePublished":"2025-11-28T08:27:49+00:00","dateModified":"2025-11-28T09:06:10+00:00","breadcrumb":{"@id":"https:\/\/mamavocado.fr\/cicatrice-de-cesarienne\/#breadcrumb"},"inLanguage":"en-GB","potentialAction":[{"@type":"ReadAction","target":["https:\/\/mamavocado.fr\/cicatrice-de-cesarienne\/"]}]},{"@type":"ImageObject","inLanguage":"en-GB","@id":"https:\/\/mamavocado.fr\/cicatrice-de-cesarienne\/#primaryimage","url":"https:\/\/mamavocado.fr\/wp-content\/uploads\/2025\/11\/cicatrice.png","contentUrl":"https:\/\/mamavocado.fr\/wp-content\/uploads\/2025\/11\/cicatrice.png"},{"@type":"BreadcrumbList","@id":"https:\/\/mamavocado.fr\/cicatrice-de-cesarienne\/#breadcrumb","itemListElement":[{"@type":"ListItem","position":1,"name":"Accueil","item":"https:\/\/mamavocado.fr\/"},{"@type":"ListItem","position":2,"name":"Cicatrice de c\u00e9sarienne"}]},{"@type":"WebSite","@id":"https:\/\/mamavocado.fr\/#website","url":"https:\/\/mamavocado.fr\/","name":"Mamavocado","description":"Centre de bien \u00eatre et baby spa \u00e0 Nice","publisher":{"@id":"https:\/\/mamavocado.fr\/#organization"},"potentialAction":[{"@type":"SearchAction","target":{"@type":"EntryPoint","urlTemplate":"https:\/\/mamavocado.fr\/?s={search_term_string}"},"query-input":{"@type":"PropertyValueSpecification","valueRequired":true,"valueName":"search_term_string"}}],"inLanguage":"en-GB"},{"@type":"Organization","@id":"https:\/\/mamavocado.fr\/#organization","name":"Mamavocado","url":"https:\/\/mamavocado.fr\/","logo":{"@type":"ImageObject","inLanguage":"en-GB","@id":"https:\/\/mamavocado.fr\/#\/schema\/logo\/image\/","url":"https:\/\/mamavocado.fr\/wp-content\/uploads\/2022\/05\/logo-Hanna-black.png","contentUrl":"https:\/\/mamavocado.fr\/wp-content\/uploads\/2022\/05\/logo-Hanna-black.png","width":1974,"height":393,"caption":"Mamavocado"},"image":{"@id":"https:\/\/mamavocado.fr\/#\/schema\/logo\/image\/"}}]}},"_links":{"self":[{"href":"https:\/\/mamavocado.fr\/en\/wp-json\/wp\/v2\/pages\/3129","targetHints":{"allow":["GET"]}}],"collection":[{"href":"https:\/\/mamavocado.fr\/en\/wp-json\/wp\/v2\/pages"}],"about":[{"href":"https:\/\/mamavocado.fr\/en\/wp-json\/wp\/v2\/types\/page"}],"author":[{"embeddable":true,"href":"https:\/\/mamavocado.fr\/en\/wp-json\/wp\/v2\/users\/1"}],"replies":[{"embeddable":true,"href":"https:\/\/mamavocado.fr\/en\/wp-json\/wp\/v2\/comments?post=3129"}],"version-history":[{"count":23,"href":"https:\/\/mamavocado.fr\/en\/wp-json\/wp\/v2\/pages\/3129\/revisions"}],"predecessor-version":[{"id":3156,"href":"https:\/\/mamavocado.fr\/en\/wp-json\/wp\/v2\/pages\/3129\/revisions\/3156"}],"wp:attachment":[{"href":"https:\/\/mamavocado.fr\/en\/wp-json\/wp\/v2\/media?parent=3129"}],"curies":[{"name":"wp","href":"https:\/\/api.w.org\/{rel}","templated":true}]}}