{"id":2963,"date":"2025-04-29T12:53:59","date_gmt":"2025-04-29T10:53:59","guid":{"rendered":"https:\/\/mamavocado.fr\/?page_id=2963"},"modified":"2025-05-20T11:30:53","modified_gmt":"2025-05-20T09:30:53","slug":"drainage-renata-franca","status":"publish","type":"page","link":"https:\/\/mamavocado.fr\/en\/nos-services\/drainage-renata-franca\/","title":{"rendered":"Drainage Renata Fran\u00e7a"},"content":{"rendered":"<div data-elementor-type=\"wp-page\" data-elementor-id=\"2963\" class=\"elementor elementor-2963\">\n\t\t\t\t\t\t<section class=\"elementor-section elementor-top-section elementor-element elementor-element-0af6a1e elementor-section-boxed elementor-section-height-default elementor-section-height-default\" data-id=\"0af6a1e\" data-element_type=\"section\" data-e-type=\"section\" data-settings=\"{&quot;background_background&quot;:&quot;classic&quot;}\">\n\t\t\t\t\t\t\t<div class=\"elementor-background-overlay\"><\/div>\n\t\t\t\t\t\t\t<div class=\"elementor-container elementor-column-gap-default\">\n\t\t\t\t\t<div class=\"elementor-column elementor-col-100 elementor-top-column elementor-element elementor-element-87517c3\" data-id=\"87517c3\" data-element_type=\"column\" data-e-type=\"column\">\n\t\t\t<div class=\"elementor-widget-wrap elementor-element-populated\">\n\t\t\t\t\t\t<div class=\"elementor-element elementor-element-3938a16 elementor-widget elementor-widget-image\" data-id=\"3938a16\" data-element_type=\"widget\" data-e-type=\"widget\" data-widget_type=\"image.default\">\n\t\t\t\t<div class=\"elementor-widget-container\">\n\t\t\t\t\t\t\t\t\t\t\t\t\t\t\t<img decoding=\"async\" width=\"128\" height=\"125\" src=\"https:\/\/mamavocado.fr\/wp-content\/uploads\/2025\/04\/massage.png\" class=\"attachment-medium size-medium wp-image-2955\" alt=\"\" \/>\t\t\t\t\t\t\t\t\t\t\t\t\t\t\t<\/div>\n\t\t\t\t<\/div>\n\t\t\t\t<div class=\"elementor-element elementor-element-b21ce61 elementor-widget elementor-widget-heading\" data-id=\"b21ce61\" data-element_type=\"widget\" data-e-type=\"widget\" data-widget_type=\"heading.default\">\n\t\t\t\t<div class=\"elementor-widget-container\">\n\t\t\t\t\t<h1 class=\"elementor-heading-title elementor-size-default\">Drainage Lymphatique Renata Fran\u00e7a<\/h1>\t\t\t\t<\/div>\n\t\t\t\t<\/div>\n\t\t\t\t<div class=\"elementor-element elementor-element-7f92b3e premium-floating-effects-yes elementor-view-default elementor-widget elementor-widget-icon\" data-id=\"7f92b3e\" data-element_type=\"widget\" data-e-type=\"widget\" data-settings=\"{&quot;premium_fe_translate_switcher&quot;:&quot;yes&quot;,&quot;premium_fe_Xtranslate&quot;:{&quot;unit&quot;:&quot;px&quot;,&quot;size&quot;:&quot;&quot;,&quot;sizes&quot;:{&quot;from&quot;:0,&quot;to&quot;:0}},&quot;premium_fe_Ytranslate&quot;:{&quot;unit&quot;:&quot;px&quot;,&quot;size&quot;:&quot;&quot;,&quot;sizes&quot;:{&quot;from&quot;:0,&quot;to&quot;:19}},&quot;premium_fe_trigger&quot;:&quot;load&quot;,&quot;premium_fe_trans_duration&quot;:{&quot;unit&quot;:&quot;px&quot;,&quot;size&quot;:1000,&quot;sizes&quot;:[]},&quot;premium_fe_trans_delay&quot;:{&quot;unit&quot;:&quot;px&quot;,&quot;size&quot;:&quot;&quot;,&quot;sizes&quot;:[]},&quot;premium_fe_direction&quot;:&quot;alternate&quot;,&quot;premium_fe_loop&quot;:&quot;default&quot;,&quot;premium_fe_easing&quot;:&quot;easeInOutSine&quot;}\" data-widget_type=\"icon.default\">\n\t\t\t\t<div class=\"elementor-widget-container\">\n\t\t\t\t\t\t\t<div class=\"elementor-icon-wrapper\">\n\t\t\t<div class=\"elementor-icon\">\n\t\t\t<i aria-hidden=\"true\" class=\"fas fa-angle-down\"><\/i>\t\t\t<\/div>\n\t\t<\/div>\n\t\t\t\t\t\t<\/div>\n\t\t\t\t<\/div>\n\t\t\t\t\t<\/div>\n\t\t<\/div>\n\t\t\t\t\t<\/div>\n\t\t<\/section>\n\t\t\t\t<section class=\"elementor-section elementor-top-section elementor-element elementor-element-d4fce33 elementor-section-boxed elementor-section-height-default elementor-section-height-default\" data-id=\"d4fce33\" data-element_type=\"section\" data-e-type=\"section\" data-settings=\"{&quot;background_background&quot;:&quot;classic&quot;}\">\n\t\t\t\t\t\t<div class=\"elementor-container elementor-column-gap-default\">\n\t\t\t\t\t<div class=\"elementor-column elementor-col-100 elementor-top-column elementor-element elementor-element-dabed54\" data-id=\"dabed54\" data-element_type=\"column\" data-e-type=\"column\">\n\t\t\t<div class=\"elementor-widget-wrap elementor-element-populated\">\n\t\t\t\t\t\t<section class=\"elementor-section elementor-inner-section elementor-element elementor-element-0d83860 elementor-section-full_width elementor-section-height-default elementor-section-height-default\" data-id=\"0d83860\" data-element_type=\"section\" data-e-type=\"section\">\n\t\t\t\t\t\t<div class=\"elementor-container elementor-column-gap-default\">\n\t\t\t\t\t<div class=\"elementor-column elementor-col-50 elementor-inner-column elementor-element elementor-element-9c3be09\" data-id=\"9c3be09\" data-element_type=\"column\" data-e-type=\"column\">\n\t\t\t<div class=\"elementor-widget-wrap elementor-element-populated\">\n\t\t\t\t\t\t<div class=\"elementor-element elementor-element-b36a0c8 elementor-widget elementor-widget-text-editor\" data-id=\"b36a0c8\" data-element_type=\"widget\" data-e-type=\"widget\" data-widget_type=\"text-editor.default\">\n\t\t\t\t<div class=\"elementor-widget-container\">\n\t\t\t\t\t\t\t\t\t<p><strong>Renata Fran\u00e7a<\/strong><\/p><p>Renata Fran\u00e7a Lymphatic Drainage is a manual technique that has made Renata Fran\u00e7a famous. It involves a full-body lymphatic drainage that delivers immediate results after just one session. This lymphatic massage helps to \"dry out\" and shape the body right away. It eliminates water retention, detoxifies the body, and helps reduce aqueous cellulite. The results include a more contoured, refined, and sculpted silhouette, an accelerated metabolism, deep detoxification of the body, and a true sense of well-being.<\/p>\t\t\t\t\t\t\t\t<\/div>\n\t\t\t\t<\/div>\n\t\t\t\t\t<\/div>\n\t\t<\/div>\n\t\t\t\t<div class=\"elementor-column elementor-col-50 elementor-inner-column elementor-element elementor-element-933aadd\" data-id=\"933aadd\" data-element_type=\"column\" data-e-type=\"column\">\n\t\t\t<div class=\"elementor-widget-wrap elementor-element-populated\">\n\t\t\t\t\t\t<div class=\"elementor-element elementor-element-8a8da8d elementor-widget elementor-widget-text-editor\" data-id=\"8a8da8d\" data-element_type=\"widget\" data-e-type=\"widget\" data-widget_type=\"text-editor.default\">\n\t\t\t\t<div class=\"elementor-widget-container\">\n\t\t\t\t\t\t\t\t\t<p><strong>For pregnant women<\/strong><\/p><p>The Renata Fran\u00e7a method helps improve the quality of life for expectant mothers during pregnancy. As the baby grows, it can obstruct proper lymphatic circulation, causing many pregnant women to experience heavy legs. Renata Fran\u00e7a's lymphatic drainage technique is perfectly suited to boost lymphatic circulation safely. The maneuvers are performed throughout the lymphatic system, excluding the abdomen.<\/p>\t\t\t\t\t\t\t\t<\/div>\n\t\t\t\t<\/div>\n\t\t\t\t\t<\/div>\n\t\t<\/div>\n\t\t\t\t\t<\/div>\n\t\t<\/section>\n\t\t\t\t<section class=\"elementor-section elementor-inner-section elementor-element elementor-element-c78bab4 elementor-section-full_width elementor-section-height-default elementor-section-height-default\" data-id=\"c78bab4\" data-element_type=\"section\" data-e-type=\"section\">\n\t\t\t\t\t\t<div class=\"elementor-container elementor-column-gap-default\">\n\t\t\t\t\t<div class=\"elementor-column elementor-col-100 elementor-inner-column elementor-element elementor-element-b282653\" data-id=\"b282653\" data-element_type=\"column\" data-e-type=\"column\">\n\t\t\t<div class=\"elementor-widget-wrap elementor-element-populated\">\n\t\t\t\t\t\t<div class=\"elementor-element elementor-element-f072e50 elementor-widget elementor-widget-image\" data-id=\"f072e50\" data-element_type=\"widget\" data-e-type=\"widget\" data-widget_type=\"image.default\">\n\t\t\t\t<div class=\"elementor-widget-container\">\n\t\t\t\t\t\t\t\t\t\t\t\t\t\t\t<img decoding=\"async\" width=\"128\" height=\"128\" src=\"https:\/\/mamavocado.fr\/wp-content\/uploads\/2022\/05\/euro.png\" class=\"attachment-medium size-medium wp-image-1191\" alt=\"\" srcset=\"https:\/\/mamavocado.fr\/wp-content\/uploads\/2022\/05\/euro.png 128w, https:\/\/mamavocado.fr\/wp-content\/uploads\/2022\/05\/euro-100x100.png 100w\" sizes=\"(max-width: 128px) 100vw, 128px\" \/>\t\t\t\t\t\t\t\t\t\t\t\t\t\t\t<\/div>\n\t\t\t\t<\/div>\n\t\t\t\t<div class=\"elementor-element elementor-element-05feba8 elementor-widget elementor-widget-heading\" data-id=\"05feba8\" data-element_type=\"widget\" data-e-type=\"widget\" data-widget_type=\"heading.default\">\n\t\t\t\t<div class=\"elementor-widget-container\">\n\t\t\t\t\t<h3 class=\"elementor-heading-title elementor-size-default\">Price<\/h3>\t\t\t\t<\/div>\n\t\t\t\t<\/div>\n\t\t\t\t<div class=\"elementor-element elementor-element-9bd668d elementor-widget__width-auto elementor-widget-mobile__width-inherit elementor-widget elementor-widget-icon-box\" data-id=\"9bd668d\" data-element_type=\"widget\" data-e-type=\"widget\" data-widget_type=\"icon-box.default\">\n\t\t\t\t<div class=\"elementor-widget-container\">\n\t\t\t\t\t\t\t<div class=\"elementor-icon-box-wrapper\">\n\n\t\t\t\n\t\t\t\t\t\t<div class=\"elementor-icon-box-content\">\n\n\t\t\t\t\t\t\t\t\t<h3 class=\"elementor-icon-box-title\">\n\t\t\t\t\t\t<span  >\n\t\t\t\t\t\t\t150\u20ac <br>\t\t\t\t\t\t<\/span>\n\t\t\t\t\t<\/h3>\n\t\t\t\t\n\t\t\t\t\t\t\t\t\t<p class=\"elementor-icon-box-description\">\n\t\t\t\t\t\t1-hour session<br>\n<a href=\"https:\/\/www.planity.com\/mamavocado-baby-spa-nice-naturl-by-mam-06000\" style=\"margin-top:20px;padding:10px 20px;background-color:#1E1E1E;color:white;text-decoration:none\" target=\"_blank\">Book online<\/a>  \n<a href=\"https:\/\/www.planity.com\/mamavocado-baby-spa-nice-naturl-by-mam-06000\" style=\"margin-top:20px;padding:10px 20px;border:1px solid #1E1E1E;color:#1E1E1E;text-decoration:none\" target=\"_blank\">To offer<\/a> \t\t\t\t\t<\/p>\n\t\t\t\t\n\t\t\t<\/div>\n\t\t\t\n\t\t<\/div>\n\t\t\t\t\t\t<\/div>\n\t\t\t\t<\/div>\n\t\t\t\t<div class=\"elementor-element elementor-element-a1f7b3a elementor-widget__width-auto elementor-widget-mobile__width-inherit elementor-widget elementor-widget-icon-box\" data-id=\"a1f7b3a\" data-element_type=\"widget\" data-e-type=\"widget\" data-widget_type=\"icon-box.default\">\n\t\t\t\t<div class=\"elementor-widget-container\">\n\t\t\t\t\t\t\t<div class=\"elementor-icon-box-wrapper\">\n\n\t\t\t\n\t\t\t\t\t\t<div class=\"elementor-icon-box-content\">\n\n\t\t\t\t\t\t\t\t\t<h3 class=\"elementor-icon-box-title\">\n\t\t\t\t\t\t<span  >\n\t\t\t\t\t\t\t650\u20ac <br>\t\t\t\t\t\t<\/span>\n\t\t\t\t\t<\/h3>\n\t\t\t\t\n\t\t\t\t\t\t\t\t\t<p class=\"elementor-icon-box-description\">\n\t\t\t\t\t\t5 sessions<br>\n<a href=\"https:\/\/www.planity.com\/mamavocado-baby-spa-nice-naturl-by-mam-06000\" style=\"margin-top:20px;padding:10px 20px;background-color:#1E1E1E;color:white;text-decoration:none\" target=\"_blank\">Book online<\/a>  \n<a href=\"https:\/\/www.planity.com\/mamavocado-baby-spa-nice-naturl-by-mam-06000\" style=\"margin-top:20px;padding:10px 20px;border:1px solid #1E1E1E;color:#1E1E1E;text-decoration:none\" target=\"_blank\">To offer<\/a> \t\t\t\t\t<\/p>\n\t\t\t\t\n\t\t\t<\/div>\n\t\t\t\n\t\t<\/div>\n\t\t\t\t\t\t<\/div>\n\t\t\t\t<\/div>\n\t\t\t\t<div class=\"elementor-element elementor-element-90c1de1 elementor-widget elementor-widget-text-editor\" data-id=\"90c1de1\" data-element_type=\"widget\" data-e-type=\"widget\" data-widget_type=\"text-editor.default\">\n\t\t\t\t<div class=\"elementor-widget-container\">\n\t\t\t\t\t\t\t\t\t<p>*This is a non-therapeutic massage &nbsp; &nbsp;&nbsp;<\/p>\t\t\t\t\t\t\t\t<\/div>\n\t\t\t\t<\/div>\n\t\t\t\t\t<\/div>\n\t\t<\/div>\n\t\t\t\t\t<\/div>\n\t\t<\/section>\n\t\t\t\t\t<\/div>\n\t\t<\/div>\n\t\t\t\t\t<\/div>\n\t\t<\/section>\n\t\t\t\t<\/div>","protected":false},"excerpt":{"rendered":"<p>Drainage Lymphatique Renata Fran\u00e7a Renata Fran\u00e7a Drainage lymphatique qui a fait la renomm\u00e9e de Renata Fran\u00e7a, il s&rsquo;agit d&rsquo;un drainage lymphatique manuel qui s&rsquo;effectue sur l&rsquo;ensemble du corps et qui apporte des r\u00e9sultats imm\u00e9diats en une s\u00e9ance. Ce massage lymphatique permet de \u00ab\u00a0s\u00e9cher\u00a0\u00bb et d&rsquo;affiner le corps d\u00e8s la premi\u00e8re s\u00e9ance. Il \u00e9limine la r\u00e9tention [&hellip;]<\/p>","protected":false},"author":1,"featured_media":0,"parent":467,"menu_order":0,"comment_status":"closed","ping_status":"closed","template":"","meta":{"site-sidebar-layout":"no-sidebar","site-content-layout":"page-builder","ast-site-content-layout":"full-width-container","site-content-style":"default","site-sidebar-style":"default","ast-global-header-display":"","ast-banner-title-visibility":"","ast-main-header-display":"","ast-hfb-above-header-display":"","ast-hfb-below-header-display":"","ast-hfb-mobile-header-display":"","site-post-title":"disabled","ast-breadcrumbs-content":"","ast-featured-img":"disabled","footer-sml-layout":"","ast-disable-related-posts":"","theme-transparent-header-meta":"enabled","adv-header-id-meta":"","stick-header-meta":"","header-above-stick-meta":"","header-main-stick-meta":"","header-below-stick-meta":"","astra-migrate-meta-layouts":"set","ast-page-background-enabled":"default","ast-page-background-meta":{"desktop":{"background-color":"var(--ast-global-color-4)","background-image":"","background-repeat":"repeat","background-position":"center center","background-size":"auto","background-attachment":"scroll","background-type":"","background-media":"","overlay-type":"","overlay-color":"","overlay-opacity":"","overlay-gradient":""},"tablet":{"background-color":"","background-image":"","background-repeat":"repeat","background-position":"center center","background-size":"auto","background-attachment":"scroll","background-type":"","background-media":"","overlay-type":"","overlay-color":"","overlay-opacity":"","overlay-gradient":""},"mobile":{"background-color":"","background-image":"","background-repeat":"repeat","background-position":"center center","background-size":"auto","background-attachment":"scroll","background-type":"","background-media":"","overlay-type":"","overlay-color":"","overlay-opacity":"","overlay-gradient":""}},"ast-content-background-meta":{"desktop":{"background-color":"var(--ast-global-color-5)","background-image":"","background-repeat":"repeat","background-position":"center center","background-size":"auto","background-attachment":"scroll","background-type":"","background-media":"","overlay-type":"","overlay-color":"","overlay-opacity":"","overlay-gradient":""},"tablet":{"background-color":"var(--ast-global-color-5)","background-image":"","background-repeat":"repeat","background-position":"center center","background-size":"auto","background-attachment":"scroll","background-type":"","background-media":"","overlay-type":"","overlay-color":"","overlay-opacity":"","overlay-gradient":""},"mobile":{"background-color":"var(--ast-global-color-5)","background-image":"","background-repeat":"repeat","background-position":"center center","background-size":"auto","background-attachment":"scroll","background-type":"","background-media":"","overlay-type":"","overlay-color":"","overlay-opacity":"","overlay-gradient":""}},"footnotes":""},"class_list":["post-2963","page","type-page","status-publish","hentry"],"yoast_head":"<!-- This site is optimized with the Yoast SEO plugin v27.4 - https:\/\/yoast.com\/product\/yoast-seo-wordpress\/ -->\n<title>Drainage Renata Fran\u00e7a - Mamavocado<\/title>\n<meta name=\"robots\" content=\"index, follow, max-snippet:-1, max-image-preview:large, max-video-preview:-1\" \/>\n<link rel=\"canonical\" href=\"https:\/\/mamavocado.fr\/en\/nos-services\/drainage-renata-franca\/\" \/>\n<meta property=\"og:locale\" content=\"en_GB\" \/>\n<meta property=\"og:type\" content=\"article\" \/>\n<meta property=\"og:title\" content=\"Drainage Renata Fran\u00e7a - Mamavocado\" \/>\n<meta property=\"og:description\" content=\"Drainage Lymphatique Renata Fran\u00e7a Renata Fran\u00e7a Drainage lymphatique qui a fait la renomm\u00e9e de Renata Fran\u00e7a, il s&rsquo;agit d&rsquo;un drainage lymphatique manuel qui s&rsquo;effectue sur l&rsquo;ensemble du corps et qui apporte des r\u00e9sultats imm\u00e9diats en une s\u00e9ance. Ce massage lymphatique permet de \u00ab\u00a0s\u00e9cher\u00a0\u00bb et d&rsquo;affiner le corps d\u00e8s la premi\u00e8re s\u00e9ance. Il \u00e9limine la r\u00e9tention [&hellip;]\" \/>\n<meta property=\"og:url\" content=\"https:\/\/mamavocado.fr\/en\/nos-services\/drainage-renata-franca\/\" \/>\n<meta property=\"og:site_name\" content=\"Mamavocado\" \/>\n<meta property=\"article:modified_time\" content=\"2025-05-20T09:30:53+00:00\" \/>\n<meta property=\"og:image\" content=\"https:\/\/mamavocado.fr\/wp-content\/uploads\/2025\/04\/massage.png\" \/>\n\t<meta property=\"og:image:width\" content=\"128\" \/>\n\t<meta property=\"og:image:height\" content=\"125\" \/>\n\t<meta property=\"og:image:type\" content=\"image\/png\" \/>\n<meta name=\"twitter:card\" content=\"summary_large_image\" \/>\n<meta name=\"twitter:label1\" content=\"Estimated reading time\" \/>\n\t<meta name=\"twitter:data1\" content=\"2 minutes\" \/>\n<script type=\"application\/ld+json\" class=\"yoast-schema-graph\">{\"@context\":\"https:\\\/\\\/schema.org\",\"@graph\":[{\"@type\":\"WebPage\",\"@id\":\"https:\\\/\\\/mamavocado.fr\\\/nos-services\\\/drainage-renata-franca\\\/\",\"url\":\"https:\\\/\\\/mamavocado.fr\\\/nos-services\\\/drainage-renata-franca\\\/\",\"name\":\"Drainage Renata Fran\u00e7a - Mamavocado\",\"isPartOf\":{\"@id\":\"https:\\\/\\\/mamavocado.fr\\\/#website\"},\"primaryImageOfPage\":{\"@id\":\"https:\\\/\\\/mamavocado.fr\\\/nos-services\\\/drainage-renata-franca\\\/#primaryimage\"},\"image\":{\"@id\":\"https:\\\/\\\/mamavocado.fr\\\/nos-services\\\/drainage-renata-franca\\\/#primaryimage\"},\"thumbnailUrl\":\"https:\\\/\\\/mamavocado.fr\\\/wp-content\\\/uploads\\\/2025\\\/04\\\/massage.png\",\"datePublished\":\"2025-04-29T10:53:59+00:00\",\"dateModified\":\"2025-05-20T09:30:53+00:00\",\"breadcrumb\":{\"@id\":\"https:\\\/\\\/mamavocado.fr\\\/nos-services\\\/drainage-renata-franca\\\/#breadcrumb\"},\"inLanguage\":\"en-GB\",\"potentialAction\":[{\"@type\":\"ReadAction\",\"target\":[\"https:\\\/\\\/mamavocado.fr\\\/nos-services\\\/drainage-renata-franca\\\/\"]}]},{\"@type\":\"ImageObject\",\"inLanguage\":\"en-GB\",\"@id\":\"https:\\\/\\\/mamavocado.fr\\\/nos-services\\\/drainage-renata-franca\\\/#primaryimage\",\"url\":\"https:\\\/\\\/mamavocado.fr\\\/wp-content\\\/uploads\\\/2025\\\/04\\\/massage.png\",\"contentUrl\":\"https:\\\/\\\/mamavocado.fr\\\/wp-content\\\/uploads\\\/2025\\\/04\\\/massage.png\"},{\"@type\":\"BreadcrumbList\",\"@id\":\"https:\\\/\\\/mamavocado.fr\\\/nos-services\\\/drainage-renata-franca\\\/#breadcrumb\",\"itemListElement\":[{\"@type\":\"ListItem\",\"position\":1,\"name\":\"Accueil\",\"item\":\"https:\\\/\\\/mamavocado.fr\\\/\"},{\"@type\":\"ListItem\",\"position\":2,\"name\":\"Nos services\",\"item\":\"https:\\\/\\\/mamavocado.fr\\\/nos-services\\\/\"},{\"@type\":\"ListItem\",\"position\":3,\"name\":\"Drainage Renata Fran\u00e7a\"}]},{\"@type\":\"WebSite\",\"@id\":\"https:\\\/\\\/mamavocado.fr\\\/#website\",\"url\":\"https:\\\/\\\/mamavocado.fr\\\/\",\"name\":\"Mamavocado\",\"description\":\"Centre de bien \u00eatre et baby spa \u00e0 Nice\",\"publisher\":{\"@id\":\"https:\\\/\\\/mamavocado.fr\\\/#organization\"},\"potentialAction\":[{\"@type\":\"SearchAction\",\"target\":{\"@type\":\"EntryPoint\",\"urlTemplate\":\"https:\\\/\\\/mamavocado.fr\\\/?s={search_term_string}\"},\"query-input\":{\"@type\":\"PropertyValueSpecification\",\"valueRequired\":true,\"valueName\":\"search_term_string\"}}],\"inLanguage\":\"en-GB\"},{\"@type\":\"Organization\",\"@id\":\"https:\\\/\\\/mamavocado.fr\\\/#organization\",\"name\":\"Mamavocado\",\"url\":\"https:\\\/\\\/mamavocado.fr\\\/\",\"logo\":{\"@type\":\"ImageObject\",\"inLanguage\":\"en-GB\",\"@id\":\"https:\\\/\\\/mamavocado.fr\\\/#\\\/schema\\\/logo\\\/image\\\/\",\"url\":\"https:\\\/\\\/mamavocado.fr\\\/wp-content\\\/uploads\\\/2022\\\/05\\\/logo-Hanna-black.png\",\"contentUrl\":\"https:\\\/\\\/mamavocado.fr\\\/wp-content\\\/uploads\\\/2022\\\/05\\\/logo-Hanna-black.png\",\"width\":1974,\"height\":393,\"caption\":\"Mamavocado\"},\"image\":{\"@id\":\"https:\\\/\\\/mamavocado.fr\\\/#\\\/schema\\\/logo\\\/image\\\/\"}}]}<\/script>\n<!-- \/ Yoast SEO plugin. -->","yoast_head_json":{"title":"Drainage Renata Fran\u00e7a - Mamavocado","robots":{"index":"index","follow":"follow","max-snippet":"max-snippet:-1","max-image-preview":"max-image-preview:large","max-video-preview":"max-video-preview:-1"},"canonical":"https:\/\/mamavocado.fr\/en\/nos-services\/drainage-renata-franca\/","og_locale":"en_GB","og_type":"article","og_title":"Drainage Renata Fran\u00e7a - Mamavocado","og_description":"Drainage Lymphatique Renata Fran\u00e7a Renata Fran\u00e7a Drainage lymphatique qui a fait la renomm\u00e9e de Renata Fran\u00e7a, il s&rsquo;agit d&rsquo;un drainage lymphatique manuel qui s&rsquo;effectue sur l&rsquo;ensemble du corps et qui apporte des r\u00e9sultats imm\u00e9diats en une s\u00e9ance. Ce massage lymphatique permet de \u00ab\u00a0s\u00e9cher\u00a0\u00bb et d&rsquo;affiner le corps d\u00e8s la premi\u00e8re s\u00e9ance. Il \u00e9limine la r\u00e9tention [&hellip;]","og_url":"https:\/\/mamavocado.fr\/en\/nos-services\/drainage-renata-franca\/","og_site_name":"Mamavocado","article_modified_time":"2025-05-20T09:30:53+00:00","og_image":[{"width":128,"height":125,"url":"https:\/\/mamavocado.fr\/wp-content\/uploads\/2025\/04\/massage.png","type":"image\/png"}],"twitter_card":"summary_large_image","twitter_misc":{"Estimated reading time":"2 minutes"},"schema":{"@context":"https:\/\/schema.org","@graph":[{"@type":"WebPage","@id":"https:\/\/mamavocado.fr\/nos-services\/drainage-renata-franca\/","url":"https:\/\/mamavocado.fr\/nos-services\/drainage-renata-franca\/","name":"Drainage Renata Fran\u00e7a - Mamavocado","isPartOf":{"@id":"https:\/\/mamavocado.fr\/#website"},"primaryImageOfPage":{"@id":"https:\/\/mamavocado.fr\/nos-services\/drainage-renata-franca\/#primaryimage"},"image":{"@id":"https:\/\/mamavocado.fr\/nos-services\/drainage-renata-franca\/#primaryimage"},"thumbnailUrl":"https:\/\/mamavocado.fr\/wp-content\/uploads\/2025\/04\/massage.png","datePublished":"2025-04-29T10:53:59+00:00","dateModified":"2025-05-20T09:30:53+00:00","breadcrumb":{"@id":"https:\/\/mamavocado.fr\/nos-services\/drainage-renata-franca\/#breadcrumb"},"inLanguage":"en-GB","potentialAction":[{"@type":"ReadAction","target":["https:\/\/mamavocado.fr\/nos-services\/drainage-renata-franca\/"]}]},{"@type":"ImageObject","inLanguage":"en-GB","@id":"https:\/\/mamavocado.fr\/nos-services\/drainage-renata-franca\/#primaryimage","url":"https:\/\/mamavocado.fr\/wp-content\/uploads\/2025\/04\/massage.png","contentUrl":"https:\/\/mamavocado.fr\/wp-content\/uploads\/2025\/04\/massage.png"},{"@type":"BreadcrumbList","@id":"https:\/\/mamavocado.fr\/nos-services\/drainage-renata-franca\/#breadcrumb","itemListElement":[{"@type":"ListItem","position":1,"name":"Accueil","item":"https:\/\/mamavocado.fr\/"},{"@type":"ListItem","position":2,"name":"Nos services","item":"https:\/\/mamavocado.fr\/nos-services\/"},{"@type":"ListItem","position":3,"name":"Drainage Renata Fran\u00e7a"}]},{"@type":"WebSite","@id":"https:\/\/mamavocado.fr\/#website","url":"https:\/\/mamavocado.fr\/","name":"Mamavocado","description":"Centre de bien \u00eatre et baby spa \u00e0 Nice","publisher":{"@id":"https:\/\/mamavocado.fr\/#organization"},"potentialAction":[{"@type":"SearchAction","target":{"@type":"EntryPoint","urlTemplate":"https:\/\/mamavocado.fr\/?s={search_term_string}"},"query-input":{"@type":"PropertyValueSpecification","valueRequired":true,"valueName":"search_term_string"}}],"inLanguage":"en-GB"},{"@type":"Organization","@id":"https:\/\/mamavocado.fr\/#organization","name":"Mamavocado","url":"https:\/\/mamavocado.fr\/","logo":{"@type":"ImageObject","inLanguage":"en-GB","@id":"https:\/\/mamavocado.fr\/#\/schema\/logo\/image\/","url":"https:\/\/mamavocado.fr\/wp-content\/uploads\/2022\/05\/logo-Hanna-black.png","contentUrl":"https:\/\/mamavocado.fr\/wp-content\/uploads\/2022\/05\/logo-Hanna-black.png","width":1974,"height":393,"caption":"Mamavocado"},"image":{"@id":"https:\/\/mamavocado.fr\/#\/schema\/logo\/image\/"}}]}},"_links":{"self":[{"href":"https:\/\/mamavocado.fr\/en\/wp-json\/wp\/v2\/pages\/2963","targetHints":{"allow":["GET"]}}],"collection":[{"href":"https:\/\/mamavocado.fr\/en\/wp-json\/wp\/v2\/pages"}],"about":[{"href":"https:\/\/mamavocado.fr\/en\/wp-json\/wp\/v2\/types\/page"}],"author":[{"embeddable":true,"href":"https:\/\/mamavocado.fr\/en\/wp-json\/wp\/v2\/users\/1"}],"replies":[{"embeddable":true,"href":"https:\/\/mamavocado.fr\/en\/wp-json\/wp\/v2\/comments?post=2963"}],"version-history":[{"count":26,"href":"https:\/\/mamavocado.fr\/en\/wp-json\/wp\/v2\/pages\/2963\/revisions"}],"predecessor-version":[{"id":3107,"href":"https:\/\/mamavocado.fr\/en\/wp-json\/wp\/v2\/pages\/2963\/revisions\/3107"}],"up":[{"embeddable":true,"href":"https:\/\/mamavocado.fr\/en\/wp-json\/wp\/v2\/pages\/467"}],"wp:attachment":[{"href":"https:\/\/mamavocado.fr\/en\/wp-json\/wp\/v2\/media?parent=2963"}],"curies":[{"name":"wp","href":"https:\/\/api.w.org\/{rel}","templated":true}]}}