{"id":2622,"date":"2024-04-08T14:27:28","date_gmt":"2024-04-08T12:27:28","guid":{"rendered":"https:\/\/mamavocado.fr\/?page_id=2622"},"modified":"2025-05-12T13:36:00","modified_gmt":"2025-05-12T11:36:00","slug":"kodibo-dupliquer-2423","status":"publish","type":"page","link":"https:\/\/mamavocado.fr\/en\/nos-services\/kodibo-dupliquer-2423\/","title":{"rendered":"WORKSHOP"},"content":{"rendered":"<div data-elementor-type=\"wp-page\" data-elementor-id=\"2622\" class=\"elementor elementor-2622\">\n\t\t\t\t\t\t<section class=\"elementor-section elementor-top-section elementor-element elementor-element-ebc39fc elementor-section-boxed elementor-section-height-default elementor-section-height-default\" data-id=\"ebc39fc\" data-element_type=\"section\" data-e-type=\"section\" data-settings=\"{&quot;background_background&quot;:&quot;classic&quot;}\">\n\t\t\t\t\t\t\t<div class=\"elementor-background-overlay\"><\/div>\n\t\t\t\t\t\t\t<div class=\"elementor-container elementor-column-gap-default\">\n\t\t\t\t\t<div class=\"elementor-column elementor-col-100 elementor-top-column elementor-element elementor-element-7b401f4\" data-id=\"7b401f4\" data-element_type=\"column\" data-e-type=\"column\">\n\t\t\t<div class=\"elementor-widget-wrap elementor-element-populated\">\n\t\t\t\t\t\t<div class=\"elementor-element elementor-element-140f610 elementor-widget elementor-widget-image\" data-id=\"140f610\" data-element_type=\"widget\" data-e-type=\"widget\" data-widget_type=\"image.default\">\n\t\t\t\t<div class=\"elementor-widget-container\">\n\t\t\t\t\t\t\t\t\t\t\t\t\t\t\t<img decoding=\"async\" width=\"128\" height=\"128\" src=\"https:\/\/mamavocado.fr\/wp-content\/uploads\/2022\/05\/spa.png\" class=\"attachment-medium size-medium wp-image-1352\" alt=\"\" srcset=\"https:\/\/mamavocado.fr\/wp-content\/uploads\/2022\/05\/spa.png 128w, https:\/\/mamavocado.fr\/wp-content\/uploads\/2022\/05\/spa-100x100.png 100w\" sizes=\"(max-width: 128px) 100vw, 128px\" \/>\t\t\t\t\t\t\t\t\t\t\t\t\t\t\t<\/div>\n\t\t\t\t<\/div>\n\t\t\t\t<div class=\"elementor-element elementor-element-05025ed elementor-widget elementor-widget-heading\" data-id=\"05025ed\" data-element_type=\"widget\" data-e-type=\"widget\" data-widget_type=\"heading.default\">\n\t\t\t\t<div class=\"elementor-widget-container\">\n\t\t\t\t\t<h1 class=\"elementor-heading-title elementor-size-default\">WORKSHOP<\/h1>\t\t\t\t<\/div>\n\t\t\t\t<\/div>\n\t\t\t\t<div class=\"elementor-element elementor-element-6cc454f premium-floating-effects-yes elementor-view-default elementor-widget elementor-widget-icon\" data-id=\"6cc454f\" data-element_type=\"widget\" data-e-type=\"widget\" data-settings=\"{&quot;premium_fe_translate_switcher&quot;:&quot;yes&quot;,&quot;premium_fe_Xtranslate&quot;:{&quot;unit&quot;:&quot;px&quot;,&quot;size&quot;:&quot;&quot;,&quot;sizes&quot;:{&quot;from&quot;:0,&quot;to&quot;:0}},&quot;premium_fe_Ytranslate&quot;:{&quot;unit&quot;:&quot;px&quot;,&quot;size&quot;:&quot;&quot;,&quot;sizes&quot;:{&quot;from&quot;:0,&quot;to&quot;:19}},&quot;premium_fe_trigger&quot;:&quot;load&quot;,&quot;premium_fe_trans_duration&quot;:{&quot;unit&quot;:&quot;px&quot;,&quot;size&quot;:1000,&quot;sizes&quot;:[]},&quot;premium_fe_trans_delay&quot;:{&quot;unit&quot;:&quot;px&quot;,&quot;size&quot;:&quot;&quot;,&quot;sizes&quot;:[]},&quot;premium_fe_direction&quot;:&quot;alternate&quot;,&quot;premium_fe_loop&quot;:&quot;default&quot;,&quot;premium_fe_easing&quot;:&quot;easeInOutSine&quot;}\" data-widget_type=\"icon.default\">\n\t\t\t\t<div class=\"elementor-widget-container\">\n\t\t\t\t\t\t\t<div class=\"elementor-icon-wrapper\">\n\t\t\t<div class=\"elementor-icon\">\n\t\t\t<i aria-hidden=\"true\" class=\"fas fa-angle-down\"><\/i>\t\t\t<\/div>\n\t\t<\/div>\n\t\t\t\t\t\t<\/div>\n\t\t\t\t<\/div>\n\t\t\t\t\t<\/div>\n\t\t<\/div>\n\t\t\t\t\t<\/div>\n\t\t<\/section>\n\t\t\t\t<section class=\"elementor-section elementor-top-section elementor-element elementor-element-bde20f6 elementor-section-boxed elementor-section-height-default elementor-section-height-default\" data-id=\"bde20f6\" data-element_type=\"section\" data-e-type=\"section\" data-settings=\"{&quot;background_background&quot;:&quot;classic&quot;}\">\n\t\t\t\t\t\t<div class=\"elementor-container elementor-column-gap-default\">\n\t\t\t\t\t<div class=\"elementor-column elementor-col-100 elementor-top-column elementor-element elementor-element-a30eafe\" data-id=\"a30eafe\" data-element_type=\"column\" data-e-type=\"column\">\n\t\t\t<div class=\"elementor-widget-wrap elementor-element-populated\">\n\t\t\t\t\t\t<section class=\"elementor-section elementor-inner-section elementor-element elementor-element-15fb468 elementor-section-full_width elementor-section-height-default elementor-section-height-default\" data-id=\"15fb468\" data-element_type=\"section\" data-e-type=\"section\">\n\t\t\t\t\t\t<div class=\"elementor-container elementor-column-gap-default\">\n\t\t\t\t\t<div class=\"elementor-column elementor-col-50 elementor-inner-column elementor-element elementor-element-64aaa48\" data-id=\"64aaa48\" data-element_type=\"column\" data-e-type=\"column\">\n\t\t\t<div class=\"elementor-widget-wrap elementor-element-populated\">\n\t\t\t\t\t\t<div class=\"elementor-element elementor-element-4b01a13 elementor-widget elementor-widget-heading\" data-id=\"4b01a13\" data-element_type=\"widget\" data-e-type=\"widget\" data-widget_type=\"heading.default\">\n\t\t\t\t<div class=\"elementor-widget-container\">\n\t\t\t\t\t<h3 class=\"elementor-heading-title elementor-size-default\">How to Massage Your Pregnant Partner<\/h3>\t\t\t\t<\/div>\n\t\t\t\t<\/div>\n\t\t\t\t<div class=\"elementor-element elementor-element-f09f477 elementor-widget elementor-widget-text-editor\" data-id=\"f09f477\" data-element_type=\"widget\" data-e-type=\"widget\" data-widget_type=\"text-editor.default\">\n\t\t\t\t<div class=\"elementor-widget-container\">\n\t\t\t\t\t\t\t\t\t<p class=\"p1\"><span class=\"s1\">During this one-hour workshop, you will learn safe and relaxing techniques to massage your pregnant partner.\u00a0<\/span><\/p><p class=\"p1\"><span class=\"s1\">Massage can be a wonderful way to ease the discomfort and tension often experienced during pregnancy, while also strengthening the emotional bond between the couple.<\/span><\/p><p class=\"p1\"><span class=\"s1\">We will cover the different areas of the body to focus on, important precautions to take, and the many benefits of prenatal massage. You will also learn simple, effective movements to relieve common issues such as back pain, heavy legs, and shoulder tension.<\/span><\/p><p class=\"p1\"><span class=\"s1\">Remember, massage during pregnancy requires a gentle and mindful approach. It\u2019s essential to listen to the needs and sensations of the future mother in order to offer her a moment of relaxation and well-being.<\/span><\/p><p class=\"p1\"><span class=\"s1\">We look forward to sharing our tips and guidance so you can offer your pregnant partner a soothing and nurturing massage.\u00a0<\/span><\/p><p class=\"p1\"><span class=\"s1\">Make an appointment by phone\u00a0<\/span><\/p><p class=\"p1\"><span class=\"s1\">06 83 31 52 83\u00a0<\/span><\/p>\t\t\t\t\t\t\t\t<\/div>\n\t\t\t\t<\/div>\n\t\t\t\t\t<\/div>\n\t\t<\/div>\n\t\t\t\t<div class=\"elementor-column elementor-col-50 elementor-inner-column elementor-element elementor-element-59dd242\" data-id=\"59dd242\" data-element_type=\"column\" data-e-type=\"column\">\n\t\t\t<div class=\"elementor-widget-wrap elementor-element-populated\">\n\t\t\t\t\t\t<div class=\"elementor-element elementor-element-dfdf40c elementor-widget elementor-widget-heading\" data-id=\"dfdf40c\" data-element_type=\"widget\" data-e-type=\"widget\" data-widget_type=\"heading.default\">\n\t\t\t\t<div class=\"elementor-widget-container\">\n\t\t\t\t\t<h3 class=\"elementor-heading-title elementor-size-default\">WORKSHOP: Preparing Your Child for Sleep Through Massage<\/h3>\t\t\t\t<\/div>\n\t\t\t\t<\/div>\n\t\t\t\t<div class=\"elementor-element elementor-element-3c4af09 elementor-widget elementor-widget-text-editor\" data-id=\"3c4af09\" data-element_type=\"widget\" data-e-type=\"widget\" data-widget_type=\"text-editor.default\">\n\t\t\t\t<div class=\"elementor-widget-container\">\n\t\t\t\t\t\t\t\t\t<p>Discover our special session designed to help your child relax and get ready for bedtime through the power of massage.\u00a0<\/p><p>During this 45-minute workshop, our therapists will teach you gentle and simple techniques to massage your child, creating a calming and nurturing moment before sleep.\u00a0<\/p><p>Child massage not only strengthens the parent-child bond, but also helps release tension, encourages quality sleep, and promotes deep relaxation. Our professionals will guide you step by step, so you can confidently reproduce these soothing gestures at home. Give your child the gift of restful sleep and learn the essentials of children\u2019s massage in this peaceful 45-minute session.\u00a0<\/p>\t\t\t\t\t\t\t\t<\/div>\n\t\t\t\t<\/div>\n\t\t\t\t\t<\/div>\n\t\t<\/div>\n\t\t\t\t\t<\/div>\n\t\t<\/section>\n\t\t\t\t<section class=\"elementor-section elementor-inner-section elementor-element elementor-element-3f53186 elementor-section-full_width elementor-section-height-default elementor-section-height-default\" data-id=\"3f53186\" data-element_type=\"section\" data-e-type=\"section\">\n\t\t\t\t\t\t<div class=\"elementor-container elementor-column-gap-default\">\n\t\t\t\t\t<div class=\"elementor-column elementor-col-100 elementor-inner-column elementor-element elementor-element-5fb1b5d\" data-id=\"5fb1b5d\" data-element_type=\"column\" data-e-type=\"column\">\n\t\t\t<div class=\"elementor-widget-wrap elementor-element-populated\">\n\t\t\t\t\t\t<div class=\"elementor-element elementor-element-891b514 elementor-widget elementor-widget-image\" data-id=\"891b514\" data-element_type=\"widget\" data-e-type=\"widget\" data-widget_type=\"image.default\">\n\t\t\t\t<div class=\"elementor-widget-container\">\n\t\t\t\t\t\t\t\t\t\t\t\t\t\t\t<img decoding=\"async\" width=\"128\" height=\"128\" src=\"https:\/\/mamavocado.fr\/wp-content\/uploads\/2022\/05\/euro.png\" class=\"attachment-medium size-medium wp-image-1191\" alt=\"\" srcset=\"https:\/\/mamavocado.fr\/wp-content\/uploads\/2022\/05\/euro.png 128w, https:\/\/mamavocado.fr\/wp-content\/uploads\/2022\/05\/euro-100x100.png 100w\" sizes=\"(max-width: 128px) 100vw, 128px\" \/>\t\t\t\t\t\t\t\t\t\t\t\t\t\t\t<\/div>\n\t\t\t\t<\/div>\n\t\t\t\t<div class=\"elementor-element elementor-element-9a761e9 elementor-widget elementor-widget-heading\" data-id=\"9a761e9\" data-element_type=\"widget\" data-e-type=\"widget\" data-widget_type=\"heading.default\">\n\t\t\t\t<div class=\"elementor-widget-container\">\n\t\t\t\t\t<h3 class=\"elementor-heading-title elementor-size-default\">Price<\/h3>\t\t\t\t<\/div>\n\t\t\t\t<\/div>\n\t\t\t\t<div class=\"elementor-element elementor-element-7195e8c elementor-widget__width-auto elementor-widget-mobile__width-inherit elementor-widget elementor-widget-icon-box\" data-id=\"7195e8c\" data-element_type=\"widget\" data-e-type=\"widget\" data-widget_type=\"icon-box.default\">\n\t\t\t\t<div class=\"elementor-widget-container\">\n\t\t\t\t\t\t\t<div class=\"elementor-icon-box-wrapper\">\n\n\t\t\t\n\t\t\t\t\t\t<div class=\"elementor-icon-box-content\">\n\n\t\t\t\t\t\t\t\t\t<h3 class=\"elementor-icon-box-title\">\n\t\t\t\t\t\t<span  >\n\t\t\t\t\t\t\t100\u20ac <br>\t\t\t\t\t\t<\/span>\n\t\t\t\t\t<\/h3>\n\t\t\t\t\n\t\t\t\t\t\t\t\t\t<p class=\"elementor-icon-box-description\">\n\t\t\t\t\t\t<a href=\"https:\/\/www.planity.com\/mamavocado-baby-spa-nice-naturl-by-mam-06000\" style=\"margin-top:20px;padding:10px 20px;background-color:#1E1E1E;color:white;text-decoration:none\" target=\"_blank\">Book online<\/a>  \n<a href=\"https:\/\/www.planity.com\/mamavocado-baby-spa-nice-naturl-by-mam-06000\" style=\"margin-top:20px;padding:10px 20px;border:1px solid #1E1E1E;color:#1E1E1E;text-decoration:none\" target=\"_blank\">To offer<\/a> \t\t\t\t\t<\/p>\n\t\t\t\t\n\t\t\t<\/div>\n\t\t\t\n\t\t<\/div>\n\t\t\t\t\t\t<\/div>\n\t\t\t\t<\/div>\n\t\t\t\t<div class=\"elementor-element elementor-element-68cd284 elementor-widget elementor-widget-text-editor\" data-id=\"68cd284\" data-element_type=\"widget\" data-e-type=\"widget\" data-widget_type=\"text-editor.default\">\n\t\t\t\t<div class=\"elementor-widget-container\">\n\t\t\t\t\t\t\t\t\t<p>*This is a non-therapeutic massage &nbsp; &nbsp;&nbsp;<\/p>\t\t\t\t\t\t\t\t<\/div>\n\t\t\t\t<\/div>\n\t\t\t\t\t<\/div>\n\t\t<\/div>\n\t\t\t\t\t<\/div>\n\t\t<\/section>\n\t\t\t\t\t<\/div>\n\t\t<\/div>\n\t\t\t\t\t<\/div>\n\t\t<\/section>\n\t\t\t\t<\/div>","protected":false},"excerpt":{"rendered":"<p>WORKSHOP WORKSHOP COMMENT MASSER SA FEMME ENCEINTE Durant cet atelier d\u2019une heure, vous apprendrez les techniques appropri\u00e9es pour masser votre femme enceinte de mani\u00e8re s\u00fbre et relaxante.\u00a0 Le massage peut \u00eatre b\u00e9n\u00e9fique pour soulager les douleurs et les tensions li\u00e9es \u00e0 la grossesse, tout en renfor\u00e7ant le lien affectif entre le couple. Nous aborderons les [&hellip;]<\/p>","protected":false},"author":2,"featured_media":1637,"parent":467,"menu_order":0,"comment_status":"closed","ping_status":"closed","template":"","meta":{"site-sidebar-layout":"no-sidebar","site-content-layout":"page-builder","ast-site-content-layout":"default","site-content-style":"default","site-sidebar-style":"default","ast-global-header-display":"","ast-banner-title-visibility":"","ast-main-header-display":"","ast-hfb-above-header-display":"","ast-hfb-below-header-display":"","ast-hfb-mobile-header-display":"","site-post-title":"disabled","ast-breadcrumbs-content":"","ast-featured-img":"disabled","footer-sml-layout":"","ast-disable-related-posts":"","theme-transparent-header-meta":"enabled","adv-header-id-meta":"","stick-header-meta":"","header-above-stick-meta":"","header-main-stick-meta":"","header-below-stick-meta":"","astra-migrate-meta-layouts":"default","ast-page-background-enabled":"default","ast-page-background-meta":{"desktop":{"background-color":"var(--ast-global-color-4)","background-image":"","background-repeat":"repeat","background-position":"center center","background-size":"auto","background-attachment":"scroll","background-type":"","background-media":"","overlay-type":"","overlay-color":"","overlay-opacity":"","overlay-gradient":""},"tablet":{"background-color":"","background-image":"","background-repeat":"repeat","background-position":"center center","background-size":"auto","background-attachment":"scroll","background-type":"","background-media":"","overlay-type":"","overlay-color":"","overlay-opacity":"","overlay-gradient":""},"mobile":{"background-color":"","background-image":"","background-repeat":"repeat","background-position":"center center","background-size":"auto","background-attachment":"scroll","background-type":"","background-media":"","overlay-type":"","overlay-color":"","overlay-opacity":"","overlay-gradient":""}},"ast-content-background-meta":{"desktop":{"background-color":"var(--ast-global-color-5)","background-image":"","background-repeat":"repeat","background-position":"center center","background-size":"auto","background-attachment":"scroll","background-type":"","background-media":"","overlay-type":"","overlay-color":"","overlay-opacity":"","overlay-gradient":""},"tablet":{"background-color":"var(--ast-global-color-5)","background-image":"","background-repeat":"repeat","background-position":"center center","background-size":"auto","background-attachment":"scroll","background-type":"","background-media":"","overlay-type":"","overlay-color":"","overlay-opacity":"","overlay-gradient":""},"mobile":{"background-color":"var(--ast-global-color-5)","background-image":"","background-repeat":"repeat","background-position":"center center","background-size":"auto","background-attachment":"scroll","background-type":"","background-media":"","overlay-type":"","overlay-color":"","overlay-opacity":"","overlay-gradient":""}},"footnotes":""},"class_list":["post-2622","page","type-page","status-publish","has-post-thumbnail","hentry"],"yoast_head":"<!-- This site is optimized with the Yoast SEO plugin v27.4 - https:\/\/yoast.com\/product\/yoast-seo-wordpress\/ -->\n<title>Massage pour enfants \u00e0 partir de 4 ans | Mamavocado, Nice (06)<\/title>\n<meta name=\"description\" content=\"Un massage adapt\u00e9 et d\u00e9di\u00e9 aux enfants et adolescents permettant un bien-\u00eatre visible et aidant celui-ci \u00e0 prendre conscience de son corps\" \/>\n<meta name=\"robots\" content=\"index, follow, max-snippet:-1, max-image-preview:large, max-video-preview:-1\" \/>\n<link rel=\"canonical\" href=\"https:\/\/mamavocado.fr\/en\/nos-services\/kodibo-dupliquer-2423\/\" \/>\n<meta property=\"og:locale\" content=\"en_GB\" \/>\n<meta property=\"og:type\" content=\"article\" \/>\n<meta property=\"og:title\" content=\"Massage pour enfants \u00e0 partir de 4 ans | Mamavocado, Nice (06)\" \/>\n<meta property=\"og:description\" content=\"Un massage adapt\u00e9 et d\u00e9di\u00e9 aux enfants et adolescents permettant un bien-\u00eatre visible et aidant celui-ci \u00e0 prendre conscience de son corps\" \/>\n<meta property=\"og:url\" content=\"https:\/\/mamavocado.fr\/en\/nos-services\/kodibo-dupliquer-2423\/\" \/>\n<meta property=\"og:site_name\" content=\"Mamavocado\" \/>\n<meta property=\"article:modified_time\" content=\"2025-05-12T11:36:00+00:00\" \/>\n<meta property=\"og:image\" content=\"https:\/\/mamavocado.fr\/wp-content\/uploads\/2022\/06\/DSC06312.jpg\" \/>\n\t<meta property=\"og:image:width\" content=\"1920\" \/>\n\t<meta property=\"og:image:height\" content=\"1280\" \/>\n\t<meta property=\"og:image:type\" content=\"image\/jpeg\" \/>\n<meta name=\"twitter:card\" content=\"summary_large_image\" \/>\n<meta name=\"twitter:title\" content=\"Massage pour enfants \u00e0 partir de 4 ans | Mamavocado, Nice (06)\" \/>\n<meta name=\"twitter:description\" content=\"Un massage adapt\u00e9 et d\u00e9di\u00e9 aux enfants et adolescents permettant un bien-\u00eatre visible et aidant celui-ci \u00e0 prendre conscience de son corps\" \/>\n<meta name=\"twitter:image\" content=\"https:\/\/mamavocado.fr\/wp-content\/uploads\/2022\/06\/DSC06312.jpg\" \/>\n<meta name=\"twitter:label1\" content=\"Estimated reading time\" \/>\n\t<meta name=\"twitter:data1\" content=\"3 minutes\" \/>\n<script type=\"application\/ld+json\" class=\"yoast-schema-graph\">{\"@context\":\"https:\\\/\\\/schema.org\",\"@graph\":[{\"@type\":\"WebPage\",\"@id\":\"https:\\\/\\\/mamavocado.fr\\\/nos-services\\\/kodibo-dupliquer-2423\\\/\",\"url\":\"https:\\\/\\\/mamavocado.fr\\\/nos-services\\\/kodibo-dupliquer-2423\\\/\",\"name\":\"Massage pour enfants \u00e0 partir de 4 ans | Mamavocado, Nice (06)\",\"isPartOf\":{\"@id\":\"https:\\\/\\\/mamavocado.fr\\\/#website\"},\"primaryImageOfPage\":{\"@id\":\"https:\\\/\\\/mamavocado.fr\\\/nos-services\\\/kodibo-dupliquer-2423\\\/#primaryimage\"},\"image\":{\"@id\":\"https:\\\/\\\/mamavocado.fr\\\/nos-services\\\/kodibo-dupliquer-2423\\\/#primaryimage\"},\"thumbnailUrl\":\"https:\\\/\\\/mamavocado.fr\\\/wp-content\\\/uploads\\\/2022\\\/06\\\/DSC06312.jpg\",\"datePublished\":\"2024-04-08T12:27:28+00:00\",\"dateModified\":\"2025-05-12T11:36:00+00:00\",\"description\":\"Un massage adapt\u00e9 et d\u00e9di\u00e9 aux enfants et adolescents permettant un bien-\u00eatre visible et aidant celui-ci \u00e0 prendre conscience de son corps\",\"breadcrumb\":{\"@id\":\"https:\\\/\\\/mamavocado.fr\\\/nos-services\\\/kodibo-dupliquer-2423\\\/#breadcrumb\"},\"inLanguage\":\"en-GB\",\"potentialAction\":[{\"@type\":\"ReadAction\",\"target\":[\"https:\\\/\\\/mamavocado.fr\\\/nos-services\\\/kodibo-dupliquer-2423\\\/\"]}]},{\"@type\":\"ImageObject\",\"inLanguage\":\"en-GB\",\"@id\":\"https:\\\/\\\/mamavocado.fr\\\/nos-services\\\/kodibo-dupliquer-2423\\\/#primaryimage\",\"url\":\"https:\\\/\\\/mamavocado.fr\\\/wp-content\\\/uploads\\\/2022\\\/06\\\/DSC06312.jpg\",\"contentUrl\":\"https:\\\/\\\/mamavocado.fr\\\/wp-content\\\/uploads\\\/2022\\\/06\\\/DSC06312.jpg\",\"width\":1920,\"height\":1280,\"caption\":\"FAIS DU BIEN \u00c0 TON CORPS POUR QUE TON \u00c2ME AIT ENVIE D\u2019Y RESTER\\\" PROVERBE INDIEN Cette offre vous permet de profiter d\u2019un massage de 30min adapt\u00e9 selon vos besoins du moment.\"},{\"@type\":\"BreadcrumbList\",\"@id\":\"https:\\\/\\\/mamavocado.fr\\\/nos-services\\\/kodibo-dupliquer-2423\\\/#breadcrumb\",\"itemListElement\":[{\"@type\":\"ListItem\",\"position\":1,\"name\":\"Accueil\",\"item\":\"https:\\\/\\\/mamavocado.fr\\\/\"},{\"@type\":\"ListItem\",\"position\":2,\"name\":\"Nos services\",\"item\":\"https:\\\/\\\/mamavocado.fr\\\/nos-services\\\/\"},{\"@type\":\"ListItem\",\"position\":3,\"name\":\"WORKSHOP\"}]},{\"@type\":\"WebSite\",\"@id\":\"https:\\\/\\\/mamavocado.fr\\\/#website\",\"url\":\"https:\\\/\\\/mamavocado.fr\\\/\",\"name\":\"Mamavocado\",\"description\":\"Centre de bien \u00eatre et baby spa \u00e0 Nice\",\"publisher\":{\"@id\":\"https:\\\/\\\/mamavocado.fr\\\/#organization\"},\"potentialAction\":[{\"@type\":\"SearchAction\",\"target\":{\"@type\":\"EntryPoint\",\"urlTemplate\":\"https:\\\/\\\/mamavocado.fr\\\/?s={search_term_string}\"},\"query-input\":{\"@type\":\"PropertyValueSpecification\",\"valueRequired\":true,\"valueName\":\"search_term_string\"}}],\"inLanguage\":\"en-GB\"},{\"@type\":\"Organization\",\"@id\":\"https:\\\/\\\/mamavocado.fr\\\/#organization\",\"name\":\"Mamavocado\",\"url\":\"https:\\\/\\\/mamavocado.fr\\\/\",\"logo\":{\"@type\":\"ImageObject\",\"inLanguage\":\"en-GB\",\"@id\":\"https:\\\/\\\/mamavocado.fr\\\/#\\\/schema\\\/logo\\\/image\\\/\",\"url\":\"https:\\\/\\\/mamavocado.fr\\\/wp-content\\\/uploads\\\/2022\\\/05\\\/logo-Hanna-black.png\",\"contentUrl\":\"https:\\\/\\\/mamavocado.fr\\\/wp-content\\\/uploads\\\/2022\\\/05\\\/logo-Hanna-black.png\",\"width\":1974,\"height\":393,\"caption\":\"Mamavocado\"},\"image\":{\"@id\":\"https:\\\/\\\/mamavocado.fr\\\/#\\\/schema\\\/logo\\\/image\\\/\"}}]}<\/script>\n<!-- \/ Yoast SEO plugin. -->","yoast_head_json":{"title":"Massage pour enfants \u00e0 partir de 4 ans | Mamavocado, Nice (06)","description":"Un massage adapt\u00e9 et d\u00e9di\u00e9 aux enfants et adolescents permettant un bien-\u00eatre visible et aidant celui-ci \u00e0 prendre conscience de son corps","robots":{"index":"index","follow":"follow","max-snippet":"max-snippet:-1","max-image-preview":"max-image-preview:large","max-video-preview":"max-video-preview:-1"},"canonical":"https:\/\/mamavocado.fr\/en\/nos-services\/kodibo-dupliquer-2423\/","og_locale":"en_GB","og_type":"article","og_title":"Massage pour enfants \u00e0 partir de 4 ans | Mamavocado, Nice (06)","og_description":"Un massage adapt\u00e9 et d\u00e9di\u00e9 aux enfants et adolescents permettant un bien-\u00eatre visible et aidant celui-ci \u00e0 prendre conscience de son corps","og_url":"https:\/\/mamavocado.fr\/en\/nos-services\/kodibo-dupliquer-2423\/","og_site_name":"Mamavocado","article_modified_time":"2025-05-12T11:36:00+00:00","og_image":[{"width":1920,"height":1280,"url":"https:\/\/mamavocado.fr\/wp-content\/uploads\/2022\/06\/DSC06312.jpg","type":"image\/jpeg"}],"twitter_card":"summary_large_image","twitter_title":"Massage pour enfants \u00e0 partir de 4 ans | Mamavocado, Nice (06)","twitter_description":"Un massage adapt\u00e9 et d\u00e9di\u00e9 aux enfants et adolescents permettant un bien-\u00eatre visible et aidant celui-ci \u00e0 prendre conscience de son corps","twitter_image":"https:\/\/mamavocado.fr\/wp-content\/uploads\/2022\/06\/DSC06312.jpg","twitter_misc":{"Estimated reading time":"3 minutes"},"schema":{"@context":"https:\/\/schema.org","@graph":[{"@type":"WebPage","@id":"https:\/\/mamavocado.fr\/nos-services\/kodibo-dupliquer-2423\/","url":"https:\/\/mamavocado.fr\/nos-services\/kodibo-dupliquer-2423\/","name":"Massage pour enfants \u00e0 partir de 4 ans | Mamavocado, Nice (06)","isPartOf":{"@id":"https:\/\/mamavocado.fr\/#website"},"primaryImageOfPage":{"@id":"https:\/\/mamavocado.fr\/nos-services\/kodibo-dupliquer-2423\/#primaryimage"},"image":{"@id":"https:\/\/mamavocado.fr\/nos-services\/kodibo-dupliquer-2423\/#primaryimage"},"thumbnailUrl":"https:\/\/mamavocado.fr\/wp-content\/uploads\/2022\/06\/DSC06312.jpg","datePublished":"2024-04-08T12:27:28+00:00","dateModified":"2025-05-12T11:36:00+00:00","description":"Un massage adapt\u00e9 et d\u00e9di\u00e9 aux enfants et adolescents permettant un bien-\u00eatre visible et aidant celui-ci \u00e0 prendre conscience de son corps","breadcrumb":{"@id":"https:\/\/mamavocado.fr\/nos-services\/kodibo-dupliquer-2423\/#breadcrumb"},"inLanguage":"en-GB","potentialAction":[{"@type":"ReadAction","target":["https:\/\/mamavocado.fr\/nos-services\/kodibo-dupliquer-2423\/"]}]},{"@type":"ImageObject","inLanguage":"en-GB","@id":"https:\/\/mamavocado.fr\/nos-services\/kodibo-dupliquer-2423\/#primaryimage","url":"https:\/\/mamavocado.fr\/wp-content\/uploads\/2022\/06\/DSC06312.jpg","contentUrl":"https:\/\/mamavocado.fr\/wp-content\/uploads\/2022\/06\/DSC06312.jpg","width":1920,"height":1280,"caption":"FAIS DU BIEN \u00c0 TON CORPS POUR QUE TON \u00c2ME AIT ENVIE D\u2019Y RESTER\" PROVERBE INDIEN Cette offre vous permet de profiter d\u2019un massage de 30min adapt\u00e9 selon vos besoins du moment."},{"@type":"BreadcrumbList","@id":"https:\/\/mamavocado.fr\/nos-services\/kodibo-dupliquer-2423\/#breadcrumb","itemListElement":[{"@type":"ListItem","position":1,"name":"Accueil","item":"https:\/\/mamavocado.fr\/"},{"@type":"ListItem","position":2,"name":"Nos services","item":"https:\/\/mamavocado.fr\/nos-services\/"},{"@type":"ListItem","position":3,"name":"WORKSHOP"}]},{"@type":"WebSite","@id":"https:\/\/mamavocado.fr\/#website","url":"https:\/\/mamavocado.fr\/","name":"Mamavocado","description":"Centre de bien \u00eatre et baby spa \u00e0 Nice","publisher":{"@id":"https:\/\/mamavocado.fr\/#organization"},"potentialAction":[{"@type":"SearchAction","target":{"@type":"EntryPoint","urlTemplate":"https:\/\/mamavocado.fr\/?s={search_term_string}"},"query-input":{"@type":"PropertyValueSpecification","valueRequired":true,"valueName":"search_term_string"}}],"inLanguage":"en-GB"},{"@type":"Organization","@id":"https:\/\/mamavocado.fr\/#organization","name":"Mamavocado","url":"https:\/\/mamavocado.fr\/","logo":{"@type":"ImageObject","inLanguage":"en-GB","@id":"https:\/\/mamavocado.fr\/#\/schema\/logo\/image\/","url":"https:\/\/mamavocado.fr\/wp-content\/uploads\/2022\/05\/logo-Hanna-black.png","contentUrl":"https:\/\/mamavocado.fr\/wp-content\/uploads\/2022\/05\/logo-Hanna-black.png","width":1974,"height":393,"caption":"Mamavocado"},"image":{"@id":"https:\/\/mamavocado.fr\/#\/schema\/logo\/image\/"}}]}},"_links":{"self":[{"href":"https:\/\/mamavocado.fr\/en\/wp-json\/wp\/v2\/pages\/2622","targetHints":{"allow":["GET"]}}],"collection":[{"href":"https:\/\/mamavocado.fr\/en\/wp-json\/wp\/v2\/pages"}],"about":[{"href":"https:\/\/mamavocado.fr\/en\/wp-json\/wp\/v2\/types\/page"}],"author":[{"embeddable":true,"href":"https:\/\/mamavocado.fr\/en\/wp-json\/wp\/v2\/users\/2"}],"replies":[{"embeddable":true,"href":"https:\/\/mamavocado.fr\/en\/wp-json\/wp\/v2\/comments?post=2622"}],"version-history":[{"count":27,"href":"https:\/\/mamavocado.fr\/en\/wp-json\/wp\/v2\/pages\/2622\/revisions"}],"predecessor-version":[{"id":3092,"href":"https:\/\/mamavocado.fr\/en\/wp-json\/wp\/v2\/pages\/2622\/revisions\/3092"}],"up":[{"embeddable":true,"href":"https:\/\/mamavocado.fr\/en\/wp-json\/wp\/v2\/pages\/467"}],"wp:featuredmedia":[{"embeddable":true,"href":"https:\/\/mamavocado.fr\/en\/wp-json\/wp\/v2\/media\/1637"}],"wp:attachment":[{"href":"https:\/\/mamavocado.fr\/en\/wp-json\/wp\/v2\/media?parent=2622"}],"curies":[{"name":"wp","href":"https:\/\/api.w.org\/{rel}","templated":true}]}}